{"id":395975,"date":"2025-11-04T09:13:44","date_gmt":"2025-11-04T08:13:44","guid":{"rendered":"https:\/\/www.hotel-berc.com\/povezave\/"},"modified":"2025-11-04T09:25:24","modified_gmt":"2025-11-04T08:25:24","slug":"verbindungen","status":"publish","type":"page","link":"https:\/\/www.hotel-berc.com\/de\/verbindungen\/","title":{"rendered":"Verbindungen"},"content":{"rendered":"<p>[et_pb_section fb_built=&#8220;1&#8243; admin_label=&#8220;Verbindungen&#8220; _builder_version=&#8220;4.27.4&#8243; background_color=&#8220;#395A69&#8243; hover_enabled=&#8220;0&#8243; locked=&#8220;off&#8220; global_colors_info=&#8220;{}&#8220; sticky_enabled=&#8220;0&#8243;][et_pb_row custom_padding_last_edited=&#8220;on|desktop&#8220; admin_label=&#8220;Verbindungen&#8220; _builder_version=&#8220;4.27.4&#8243; custom_padding=&#8220;4.4vw|0px|0.6vw|0px&#8220; custom_padding_tablet=&#8220;10px|0px|10px|0px&#8220; custom_padding_phone=&#8220;&#8220; hover_enabled=&#8220;0&#8243; global_colors_info=&#8220;{}&#8220; sticky_enabled=&#8220;0&#8243;][et_pb_column type=&#8220;4_4&#8243; _builder_version=&#8220;4.16&#8243; background_position=&#8220;top_left&#8220; custom_padding=&#8220;|||&#8220; global_colors_info=&#8220;{}&#8220; custom_padding__hover=&#8220;|||&#8220;][et_pb_text admin_label=&#8220;Verbindungen&#8220; _builder_version=&#8220;4.27.4&#8243; text_font=&#8220;&#8211;et_global_heading_font|700|||||||&#8220; text_text_color=&#8220;#F5F6F7&#8243; text_font_size=&#8220;40px&#8220; text_line_height=&#8220;115%&#8220; header_text_color=&#8220;#395A69&#8243; background_layout=&#8220;dark&#8220; custom_margin=&#8220;||25px|&#8220; hover_enabled=&#8220;0&#8243; text_font_size_tablet=&#8220;30px&#8220; text_font_size_phone=&#8220;25px&#8220; text_font_size_last_edited=&#8220;on|phone&#8220; global_colors_info=&#8220;{}&#8220; sticky_enabled=&#8220;0&#8243;]Verbindungen[\/et_pb_text][et_pb_divider color=&#8220;#AC8B62&#8243; divider_position=&#8220;center&#8220; divider_weight=&#8220;4px&#8220; _builder_version=&#8220;4.27.4&#8243; hover_enabled=&#8220;0&#8243; custom_css_main_element=&#8220;width: 32%;||margin: 35px 0 33px 0 !important;&#8220; hide_on_mobile=&#8220;off&#8220; global_colors_info=&#8220;{}&#8220; sticky_enabled=&#8220;0&#8243;][\/et_pb_divider][\/et_pb_column][\/et_pb_row][et_pb_row admin_label=&#8220;Verbindungen&#8220; _builder_version=&#8220;4.27.4&#8243; custom_padding=&#8220;|||0vw||&#8220; hover_enabled=&#8220;0&#8243; global_colors_info=&#8220;{}&#8220; sticky_enabled=&#8220;0&#8243;][et_pb_column type=&#8220;4_4&#8243; _builder_version=&#8220;4.16&#8243; background_position=&#8220;top_left&#8220; custom_padding=&#8220;|||&#8220; global_colors_info=&#8220;{}&#8220; custom_padding__hover=&#8220;|||&#8220;][et_pb_text _builder_version=&#8220;4.27.4&#8243; _module_preset=&#8220;default&#8220; text_text_color=&#8220;#FFFFFF&#8220; hover_enabled=&#8220;0&#8243; global_colors_info=&#8220;{}&#8220; admin_label=&#8220;Verbindungen&#8220; sticky_enabled=&#8220;0&#8243;]<\/p>\n<p>Hier finden Sie n\u00fctzliche Links und Dienstleistungen, die Ihnen w\u00e4hrend Ihres Aufenthalts helfen k\u00f6nnen.<\/p>\n<ul>\n<li><a href=\"https:\/\/www.goopti.com\" target=\"_blank\" rel=\"noopener noreferrer\">GoOpti \u2013 Flughafentransfers<\/a><\/li>\n<li><a href=\"https:\/\/www.zup-prevozi.eu\" target=\"_blank\" rel=\"noopener noreferrer\">Zup Transfers \u2013 Lokale und internationale Transfers<\/a><\/li>\n<li><a href=\"https:\/\/meteo.arso.gov.si\/met\/en\/\" target=\"_blank\" rel=\"noopener noreferrer\">ARSO Wetter \u2013 Wettervorhersage f\u00fcr Slowenien<\/a><\/li>\n<li><a href=\"https:\/\/www.altitude-activities.com\/\" target=\"_blank\" rel=\"noopener noreferrer\">Altitude Activities \u2013 Abenteuer &amp; Sportaktivit\u00e4ten<\/a><\/li>\n<li><a href=\"https:\/\/www.slotrips.si\/en\" target=\"_blank\" rel=\"noopener noreferrer\">Slotrips \u2013 Gef\u00fchrte Ausfl\u00fcge &amp; Touren in Slowenien<\/a><\/li>\n<\/ul>\n<p>[\/et_pb_text][\/et_pb_column][\/et_pb_row][\/et_pb_section][et_pb_section fb_built=&#8220;1&#8243; _builder_version=&#8220;4.27.4&#8243; _module_preset=&#8220;default&#8220; background_color=&#8220;#395A69&#8243; custom_padding=&#8220;||0px|||&#8220; border_color_all=&#8220;#C1A45D&#8220; border_width_top=&#8220;5px&#8220; border_color_top=&#8220;#AC8B62&#8243; saved_tabs=&#8220;all&#8220; locked=&#8220;off&#8220; global_colors_info=&#8220;{}&#8220; global_module=&#8220;395704&#8243; theme_builder_area=&#8220;post_content&#8220;][et_pb_row column_structure=&#8220;1_3,1_3,1_3&#8243; _builder_version=&#8220;4.23.1&#8243; _module_preset=&#8220;default&#8220; global_colors_info=&#8220;{}&#8220; theme_builder_area=&#8220;post_content&#8220;][et_pb_column type=&#8220;1_3&#8243; _builder_version=&#8220;4.22.0&#8243; _module_preset=&#8220;default&#8220; global_colors_info=&#8220;{}&#8220; theme_builder_area=&#8220;post_content&#8220;][et_pb_text admin_label=&#8220;Adresse&#8220; _builder_version=&#8220;4.27.4&#8243; _module_preset=&#8220;default&#8220; header_2_text_color=&#8220;#FFFFFF&#8220; locked=&#8220;off&#8220; global_colors_info=&#8220;{}&#8220; theme_builder_area=&#8220;post_content&#8220;]<\/p>\n<h2>Adresse<\/h2>\n<p>[\/et_pb_text][et_pb_text _builder_version=&#8220;4.27.4&#8243; _module_preset=&#8220;default&#8220; text_text_color=&#8220;#FFFFFF&#8220; text_font_size=&#8220;13px&#8220; link_text_color=&#8220;#AC8B62&#8243; link_font_size=&#8220;13px&#8220; header_2_text_color=&#8220;#FFFFFF&#8220; locked=&#8220;off&#8220; global_colors_info=&#8220;{}&#8220; theme_builder_area=&#8220;post_content&#8220;]<\/p>\n<p><strong>GARNI HOTEL BERC<\/strong><br \/>Pod Stra\u017eo 13<br \/>SI-4260 Bled<br \/>Slowenien &#8211; EU<\/p>\n<p><span>+386 4 576 56 58<\/span><br \/><a href=\"mailto:hotel@berc-sp.si\u00a0\" target=\"_blank\" rel=\"noopener\">hotel@berc-sp.si\u00a0<\/a><\/p>\n<p>[\/et_pb_text][\/et_pb_column][et_pb_column type=&#8220;1_3&#8243; _builder_version=&#8220;4.22.0&#8243; _module_preset=&#8220;default&#8220; global_colors_info=&#8220;{}&#8220; theme_builder_area=&#8220;post_content&#8220;][et_pb_text admin_label=&#8220;Erkunden&#8220; _builder_version=&#8220;4.27.4&#8243; _module_preset=&#8220;default&#8220; header_2_text_color=&#8220;#FFFFFF&#8220; global_colors_info=&#8220;{}&#8220; theme_builder_area=&#8220;post_content&#8220;]<\/p>\n<h2>Erkunden<\/h2>\n<p>[\/et_pb_text][dsm_menu title_bottom_gap=&#8220;14px&#8220; submenu_collapse=&#8220;on&#8220; menu_link_text_color=&#8220;#FFFFFF&#8220; active_link_color=&#8220;#AC8B62&#8243; menu_link_text_active_color=&#8220;#FFFFFF&#8220; menu_link_text_visited_color=&#8220;#FFFFFF&#8220; list_style_type=&#8220;none&#8220; list_style_position=&#8220;outside&#8220; submenu_arrow_color=&#8220;#FFFFFF&#8220; submenu_arrow_background_color=&#8220;#AC8B62&#8243; submenu_arrow_font_size=&#8220;20px&#8220; _builder_version=&#8220;4.27.4&#8243; _module_preset=&#8220;default&#8220; header_level=&#8220;h5&#8243; header_font=&#8220;||||||||&#8220; header_text_color=&#8220;#FFFFFF&#8220; header_font_size=&#8220;15px&#8220; header_line_height=&#8220;1.2em&#8220; menu_font=&#8220;||||||||&#8220; menu_font_size=&#8220;13px&#8220; sub_menu_text_color=&#8220;#FFFFFF&#8220; border_radii_submenu_collapse=&#8220;on|50px|50px|50px|50px&#8220; global_colors_info=&#8220;{}&#8220; theme_builder_area=&#8220;post_content&#8220;][\/dsm_menu][\/et_pb_column][et_pb_column type=&#8220;1_3&#8243; _builder_version=&#8220;4.22.0&#8243; _module_preset=&#8220;default&#8220; global_colors_info=&#8220;{}&#8220; theme_builder_area=&#8220;post_content&#8220;][et_pb_image src=&#8220;https:\/\/www.hotel-berc.com\/wp-content\/uploads\/2025\/03\/Garni-hotel-Berc-bled-w-logo.png&#8220; title_text=&#8220;Garni hotel Berc bled w logo&#8220; url=&#8220;@ET-DC@eyJkeW5hbWljIjp0cnVlLCJjb250ZW50IjoiaG9tZV91cmwiLCJzZXR0aW5ncyI6e319@&#8220; align_tablet=&#8220;&#8220; align_phone=&#8220;center&#8220; align_last_edited=&#8220;on|phone&#8220; _builder_version=&#8220;4.27.4&#8243; _dynamic_attributes=&#8220;url&#8220; _module_preset=&#8220;default&#8220; width=&#8220;70%&#8220; global_colors_info=&#8220;{}&#8220; theme_builder_area=&#8220;post_content&#8220;][\/et_pb_image][et_pb_text _builder_version=&#8220;4.27.4&#8243; _module_preset=&#8220;default&#8220; text_text_color=&#8220;#FFFFFF&#8220; text_font_size=&#8220;13px&#8220; link_text_color=&#8220;#FFFFFF&#8220; link_font_size=&#8220;13px&#8220; header_2_text_color=&#8220;#FFFFFF&#8220; locked=&#8220;off&#8220; global_colors_info=&#8220;{}&#8220; theme_builder_area=&#8220;post_content&#8220;]LUKA BERC S.P.<br \/>\nFirmennummer: 6959342000<br \/>\nMwSt.-Pflichtiger: Ja (SI21034052)[\/et_pb_text][\/et_pb_column][\/et_pb_row][et_pb_row column_structure=&#8220;1_2,1_2&#8243; custom_padding_last_edited=&#8220;on|desktop&#8220; admin_label=&#8220;Footer &#8211; Row&#8220; _builder_version=&#8220;4.27.4&#8243; width=&#8220;90%&#8220; max_width=&#8220;1170px&#8220; custom_padding=&#8220;31px||31px||false|false&#8220; custom_padding_tablet=&#8220;&#8220; custom_padding_phone=&#8220;&#8220; border_color_all=&#8220;#0F0F0F&#8220; border_width_top=&#8220;1px&#8220; border_color_top=&#8220;rgba(172,139,98,0.44)&#8220; locked=&#8220;off&#8220; global_colors_info=&#8220;{}&#8220; theme_builder_area=&#8220;post_content&#8220;][et_pb_column type=&#8220;1_2&#8243; _builder_version=&#8220;4.16&#8243; global_colors_info=&#8220;{}&#8220; theme_builder_area=&#8220;post_content&#8220;][et_pb_text admin_label=&#8220;Avtorske pravice \u00a9&#8220; _builder_version=&#8220;4.27.4&#8243; text_font=&#8220;||||||||&#8220; text_text_color=&#8220;#FFFFFF&#8220; text_font_size=&#8220;12px&#8220; link_text_color=&#8220;#FFFFFF&#8220; text_orientation_tablet=&#8220;center&#8220; text_orientation_phone=&#8220;&#8220; text_orientation_last_edited=&#8220;on|tablet&#8220; custom_css_main_element=&#8220;font-weight: 400;&#8220; global_colors_info=&#8220;{}&#8220; link_text_color__hover_enabled=&#8220;on|hover&#8220; link_text_color__hover=&#8220;#AC8B62&#8243; theme_builder_area=&#8220;post_content&#8220;]<\/p>\n<p>Copyright \u00a9 Garni Hotel Berc | <a href=\"https:\/\/www.hotel-berc.com\/de\/rechtlicher-hinweis\/\">Rechtlicher Hinweis<\/a><\/p>\n<p>[\/et_pb_text][\/et_pb_column][et_pb_column type=&#8220;1_2&#8243; _builder_version=&#8220;4.16&#8243; global_colors_info=&#8220;{}&#8220; theme_builder_area=&#8220;post_content&#8220;][et_pb_text admin_label=&#8220;Produkcija&#8220; _builder_version=&#8220;4.27.4&#8243; text_font=&#8220;||||||||&#8220; text_text_color=&#8220;#FFFFFF&#8220; text_font_size=&#8220;12px&#8220; link_text_color=&#8220;#FFFFFF&#8220; text_orientation=&#8220;right&#8220; text_orientation_tablet=&#8220;center&#8220; text_orientation_phone=&#8220;&#8220; text_orientation_last_edited=&#8220;on|tablet&#8220; custom_css_main_element=&#8220;font-weight: 400;&#8220; global_colors_info=&#8220;{}&#8220; theme_builder_area=&#8220;post_content&#8220;]<\/p>\n<p>Produktion: <a href=\"http:\/\/www.futuro.si\/\" target=\"_blank\" rel=\"noopener\"><img loading=\"lazy\" decoding=\"async\" src=\"https:\/\/www.hotel-berc.com\/wp-content\/uploads\/2025\/03\/Futruto-izdelava-spletnih-strani-logo-2024-14.png\" width=\"88\" height=\"14\" alt=\"\" class=\"wp-image-376042 alignnone size-full\" \/><\/a><\/p>\n<p>[\/et_pb_text][\/et_pb_column][\/et_pb_row][\/et_pb_section]<\/p>\n","protected":false},"excerpt":{"rendered":"<p>VerbindungenHier finden Sie n\u00fctzliche Links und Dienstleistungen, die Ihnen w\u00e4hrend Ihres Aufenthalts helfen k\u00f6nnen. GoOpti \u2013 Flughafentransfers Zup Transfers \u2013 Lokale und internationale Transfers ARSO Wetter \u2013 Wettervorhersage f\u00fcr Slowenien Altitude Activities \u2013 Abenteuer &amp; Sportaktivit\u00e4ten Slotrips \u2013 Gef\u00fchrte Ausfl\u00fcge &amp; Touren in Slowenien AdresseGARNI HOTEL BERCPod Stra\u017eo 13SI-4260 BledSlowenien &#8211; EU +386 4 576 56 58hotel@berc-sp.si\u00a0Erkunden<div class=\"et_pb_module dsm_menu dsm_menu_0  et_pb_text_align_left et_pb_bg_layout_light\">\n\t\t\t\t\n\t\t\t\t\n\t\t\t\t\n\t\t\t\t\n\t\t\t\t\n\t\t\t\t\n\t\t\t\t<div class=\"et_pb_module_inner\">\n\t\t\t\t\t<nav class=\"dsm-menu-container\" role=navigation itemscope itemtype=http:\/\/schema.org\/SiteNavigationElement><ul id=\"menu-glavni-menu-nemscina\" class=\"dsm-menu dsm-menu-style-type-none dsm-menu-layout-vertical dsm-menu-submenu-collapse\"><li id=\"menu-item-395307\" class=\"et_pb_menu_page_id-home menu-item menu-item-type-post_type menu-item-object-page menu-item-home menu-item-395307\"><a href=\"https:\/\/www.hotel-berc.com\/de\/\" itemprop=\"url\"><span itemprop=\"name\">Garni hotel Berc<\/span><\/a><\/li>\n<li id=\"menu-item-395280\" class=\"et_pb_menu_page_id-395245 menu-item menu-item-type-post_type menu-item-object-page menu-item-has-children menu-item-395280\"><a href=\"https:\/\/www.hotel-berc.com\/de\/zimmer\/\" itemprop=\"url\"><span itemprop=\"name\">Zimmer<\/span><span class=\"et-pb-icon\">3<\/span><\/a>\n<ul class=\"sub-menu\">\n\t<li id=\"menu-item-395281\" class=\"et_pb_menu_page_id-395248 menu-item menu-item-type-post_type menu-item-object-page menu-item-395281\"><a href=\"https:\/\/www.hotel-berc.com\/de\/zimmer\/standard-doppelzimmer-mit-balkon\/\" itemprop=\"url\"><span itemprop=\"name\">Standard Doppelzimmer mit Balkon<\/span><\/a><\/li>\n\t<li id=\"menu-item-395282\" class=\"et_pb_menu_page_id-395251 menu-item menu-item-type-post_type menu-item-object-page menu-item-395282\"><a href=\"https:\/\/www.hotel-berc.com\/de\/zimmer\/doppelzimmer-economy-mit-balkon\/\" itemprop=\"url\"><span itemprop=\"name\">Doppelzimmer Economy mit Balkon<\/span><\/a><\/li>\n\t<li id=\"menu-item-395283\" class=\"et_pb_menu_page_id-395254 menu-item menu-item-type-post_type menu-item-object-page menu-item-395283\"><a href=\"https:\/\/www.hotel-berc.com\/de\/zimmer\/komfort-doppelzimmer-mit-balkon\/\" itemprop=\"url\"><span itemprop=\"name\">Komfort Doppelzimmer mit Balkon<\/span><\/a><\/li>\n\t<li id=\"menu-item-395284\" class=\"et_pb_menu_page_id-395257 menu-item menu-item-type-post_type menu-item-object-page menu-item-395284\"><a href=\"https:\/\/www.hotel-berc.com\/de\/zimmer\/suite-mit-balkon\/\" itemprop=\"url\"><span itemprop=\"name\">Suite mit Balkon<\/span><\/a><\/li>\n\t<li id=\"menu-item-395285\" class=\"et_pb_menu_page_id-395260 menu-item menu-item-type-post_type menu-item-object-page menu-item-395285\"><a href=\"https:\/\/www.hotel-berc.com\/de\/zimmer\/einzelzimmer-economy-ohne-balkon\/\" itemprop=\"url\"><span itemprop=\"name\">Einzelzimmer Economy ohne Balkon<\/span><\/a><\/li>\n<\/ul>\n<\/li>\n<li id=\"menu-item-395286\" class=\"et_pb_menu_page_id-395263 menu-item menu-item-type-post_type menu-item-object-page menu-item-395286\"><a href=\"https:\/\/www.hotel-berc.com\/de\/wo-wir-sind\/\" itemprop=\"url\"><span itemprop=\"name\">Standort<\/span><\/a><\/li>\n<li id=\"menu-item-395287\" class=\"et_pb_menu_page_id-395266 menu-item menu-item-type-post_type menu-item-object-page menu-item-395287\"><a href=\"https:\/\/www.hotel-berc.com\/de\/galerie\/\" itemprop=\"url\"><span itemprop=\"name\">Galerie<\/span><\/a><\/li>\n<li id=\"menu-item-395993\" class=\"et_pb_menu_page_id-395975 menu-item menu-item-type-post_type menu-item-object-page menu-item-395993\"><a href=\"https:\/\/www.hotel-berc.com\/de\/verbindungen\/\" itemprop=\"url\"><span itemprop=\"name\">Verbindungen<\/span><\/a><\/li>\n<li id=\"menu-item-395288\" class=\"cta-link et_pb_menu_page_id-395269 menu-item menu-item-type-post_type menu-item-object-page menu-item-395288\"><a href=\"https:\/\/www.hotel-berc.com\/de\/anfrage\/\" itemprop=\"url\"><span itemprop=\"name\">Anfrage<\/span><\/a><\/li>\n<li id=\"menu-item-wpml-ls-3-en\" class=\"menu-item wpml-ls-slot-3 wpml-ls-item wpml-ls-item-en wpml-ls-menu-item wpml-ls-first-item menu-item-type-wpml_ls_menu_item menu-item-object-wpml_ls_menu_item menu-item-wpml-ls-3-en\"><a href=\"https:\/\/www.hotel-berc.com\/en\/\" title=\"Wechseln zu Englisch\" aria-label=\"Wechseln zu Englisch\" itemprop=\"url\"><span itemprop=\"name\"><img decoding=\"async\"\n            class=\"wpml-ls-flag\"\n            src=\"https:\/\/www.hotel-berc.com\/wp-content\/plugins\/sitepress-multilingual-cms\/res\/flags\/en.svg\"\n            alt=\"Englisch\"\n            loading=\"lazy\"\n            \n            \n    \/><\/span><\/a><\/li>\n<li id=\"menu-item-wpml-ls-3-de\" class=\"menu-item wpml-ls-slot-3 wpml-ls-item wpml-ls-item-de wpml-ls-current-language wpml-ls-menu-item menu-item-type-wpml_ls_menu_item menu-item-object-wpml_ls_menu_item menu-item-wpml-ls-3-de\"><a href=\"https:\/\/www.hotel-berc.com\/de\/\" aria-current=\"page\" itemprop=\"url\"><span itemprop=\"name\"><img decoding=\"async\"\n            class=\"wpml-ls-flag\"\n            src=\"https:\/\/www.hotel-berc.com\/wp-content\/plugins\/sitepress-multilingual-cms\/res\/flags\/de.svg\"\n            alt=\"Deutsch\"\n            loading=\"lazy\"\n            \n            \n    \/><\/span><\/a><\/li>\n<li id=\"menu-item-wpml-ls-3-it\" class=\"menu-item wpml-ls-slot-3 wpml-ls-item wpml-ls-item-it wpml-ls-menu-item menu-item-type-wpml_ls_menu_item menu-item-object-wpml_ls_menu_item menu-item-wpml-ls-3-it\"><a href=\"https:\/\/www.hotel-berc.com\/it\/\" title=\"Wechseln zu Italienisch\" aria-label=\"Wechseln zu Italienisch\" itemprop=\"url\"><span itemprop=\"name\"><img decoding=\"async\"\n            class=\"wpml-ls-flag\"\n            src=\"https:\/\/www.hotel-berc.com\/wp-content\/plugins\/sitepress-multilingual-cms\/res\/flags\/it.svg\"\n            alt=\"Italienisch\"\n            loading=\"lazy\"\n            \n            \n    \/><\/span><\/a><\/li>\n<li id=\"menu-item-wpml-ls-3-sl\" class=\"menu-item wpml-ls-slot-3 wpml-ls-item wpml-ls-item-sl wpml-ls-menu-item wpml-ls-last-item menu-item-type-wpml_ls_menu_item menu-item-object-wpml_ls_menu_item menu-item-wpml-ls-3-sl\"><a href=\"https:\/\/www.hotel-berc.com\/\" title=\"Wechseln zu Slowenisch\" aria-label=\"Wechseln zu Slowenisch\" itemprop=\"url\"><span itemprop=\"name\"><img decoding=\"async\"\n            class=\"wpml-ls-flag\"\n            src=\"https:\/\/www.hotel-berc.com\/wp-content\/plugins\/sitepress-multilingual-cms\/res\/flags\/sl.svg\"\n            alt=\"Slowenisch\"\n            loading=\"lazy\"\n            \n            \n    \/><\/span><\/a><\/li>\n<\/ul><\/nav>\n\t\t\t\t<\/div>\n\t\t\t<\/div>LUKA BERC S.P. Firmennummer: 6959342000 MwSt.-Pflichtiger: Ja (SI21034052)Copyright \u00a9 Garni Hotel Berc | Rechtlicher HinweisProduktion:<\/p>\n","protected":false},"author":1,"featured_media":395416,"parent":0,"menu_order":6,"comment_status":"closed","ping_status":"closed","template":"","meta":{"_et_pb_use_builder":"on","_et_pb_old_content":"","_et_gb_content_width":"","footnotes":""},"class_list":["post-395975","page","type-page","status-publish","has-post-thumbnail","hentry"],"aioseo_notices":[],"_links":{"self":[{"href":"https:\/\/www.hotel-berc.com\/de\/wp-json\/wp\/v2\/pages\/395975","targetHints":{"allow":["GET"]}}],"collection":[{"href":"https:\/\/www.hotel-berc.com\/de\/wp-json\/wp\/v2\/pages"}],"about":[{"href":"https:\/\/www.hotel-berc.com\/de\/wp-json\/wp\/v2\/types\/page"}],"author":[{"embeddable":true,"href":"https:\/\/www.hotel-berc.com\/de\/wp-json\/wp\/v2\/users\/1"}],"replies":[{"embeddable":true,"href":"https:\/\/www.hotel-berc.com\/de\/wp-json\/wp\/v2\/comments?post=395975"}],"version-history":[{"count":3,"href":"https:\/\/www.hotel-berc.com\/de\/wp-json\/wp\/v2\/pages\/395975\/revisions"}],"predecessor-version":[{"id":395987,"href":"https:\/\/www.hotel-berc.com\/de\/wp-json\/wp\/v2\/pages\/395975\/revisions\/395987"}],"wp:featuredmedia":[{"embeddable":true,"href":"https:\/\/www.hotel-berc.com\/de\/wp-json\/wp\/v2\/media\/395416"}],"wp:attachment":[{"href":"https:\/\/www.hotel-berc.com\/de\/wp-json\/wp\/v2\/media?parent=395975"}],"curies":[{"name":"wp","href":"https:\/\/api.w.org\/{rel}","templated":true}]}}