{"id":395266,"date":"2023-11-21T10:05:37","date_gmt":"2023-11-21T09:05:37","guid":{"rendered":"https:\/\/www.hotel-berc.com\/galerija\/"},"modified":"2025-03-22T10:35:49","modified_gmt":"2025-03-22T09:35:49","slug":"galerie","status":"publish","type":"page","link":"https:\/\/www.hotel-berc.com\/de\/galerie\/","title":{"rendered":"Galerie"},"content":{"rendered":"<p>[et_pb_section fb_built=&#8220;1&#8243; admin_label=&#8220;Galerie&#8220; _builder_version=&#8220;4.27.4&#8243; background_color=&#8220;#F5F6F7&#8243; locked=&#8220;off&#8220; global_colors_info=&#8220;{}&#8220;][et_pb_row custom_padding_last_edited=&#8220;on|desktop&#8220; admin_label=&#8220;Galerie&#8220; _builder_version=&#8220;4.27.4&#8243; custom_padding=&#8220;4.4vw|0px|0.6vw|0px&#8220; custom_padding_tablet=&#8220;10px|0px|10px|0px&#8220; custom_padding_phone=&#8220;&#8220; global_colors_info=&#8220;{}&#8220;][et_pb_column type=&#8220;4_4&#8243; _builder_version=&#8220;4.16&#8243; background_position=&#8220;top_left&#8220; custom_padding=&#8220;|||&#8220; global_colors_info=&#8220;{}&#8220; custom_padding__hover=&#8220;|||&#8220;][et_pb_text admin_label=&#8220;Galerie&#8220; _builder_version=&#8220;4.27.4&#8243; text_font=&#8220;&#8211;et_global_heading_font|700|||||||&#8220; text_text_color=&#8220;#0F0F0F&#8220; text_font_size=&#8220;40px&#8220; text_line_height=&#8220;115%&#8220; header_text_color=&#8220;#395A69&#8243; background_layout=&#8220;dark&#8220; custom_margin=&#8220;||25px|&#8220; text_font_size_tablet=&#8220;30px&#8220; text_font_size_phone=&#8220;25px&#8220; text_font_size_last_edited=&#8220;on|phone&#8220; global_colors_info=&#8220;{}&#8220;]Galerie[\/et_pb_text][et_pb_divider color=&#8220;#AC8B62&#8243; divider_position=&#8220;center&#8220; divider_weight=&#8220;4px&#8220; _builder_version=&#8220;4.27.4&#8243; custom_css_main_element=&#8220;width: 32%;||margin: 35px 0 33px 0 !important;&#8220; hide_on_mobile=&#8220;off&#8220; global_colors_info=&#8220;{}&#8220;][\/et_pb_divider][et_pb_text admin_label=&#8220;Text &#8211; Lorem ipsum&#8220; _builder_version=&#8220;4.27.4&#8243; text_font=&#8220;||||||||&#8220; text_text_color=&#8220;#424242&#8243; text_line_height=&#8220;165%&#8220; locked=&#8220;off&#8220; global_colors_info=&#8220;{}&#8220;]<\/p>\n<p>Willkommen in der Galerie unseres Hotels, wo Sie einen visuellen Einblick in unsere gem\u00fctliche und rustikale Unterkunft erhalten k\u00f6nnen, die alpenl\u00e4ndischen Charme mit dem Komfort modernen Wohnens vereint. Unsere Innen- und Au\u00dfenr\u00e4ume zeichnen sich durch Holzm\u00f6bel und rustikale Ausstattung im alpinen Stil aus, was dem Hotel eine warme, heimelige und einladende Atmosph\u00e4re verleiht.<\/p>\n<p>Das Hotel Garni Berc zeichnet sich durch au\u00dfergew\u00f6hnliche Architektur aus, die perfekt mit der Umgebung harmoniert. Die Fassade des Hotels ist mit nat\u00fcrlichen Materialien verkleidet, die sich wunderbar in die alpine Umgebung des Bleder Sees einf\u00fcgen. Die Umgebung des Hotels ist von Gr\u00fcnfl\u00e4chen umgeben, die eine entspannende Atmosph\u00e4re bieten, ideal f\u00fcr Spazierg\u00e4nge und Naturgenuss. Unsere Fassade und die Balkonbereiche bieten einen herrlichen Blick auf die Natur und die Berge.<\/p>\n<p><strong>Innenbereich des Hotels<\/strong><br \/>Im Inneren des Hotels dominieren Holzelemente und rustikale Details, die sich hervorragend mit dem alpinen Stil verbinden. Die ger\u00e4umigen Flure und gem\u00fctlichen Zimmer sind mit hochwertigem Holz ausgestattet, das W\u00e4rme und Komfort schafft und Sie gleichzeitig in eine alpine Welt voller Frieden und nat\u00fcrlicher Sch\u00f6nheit entf\u00fchrt. Wo immer Sie sich aufhalten, werden Sie die Gem\u00fctlichkeit und Einfachheit erleben, die unser alpiner Stil mit sich bringt.<\/p>\n<p>F\u00fcr einen detaillierteren Einblick in unser Zimmerangebot und ihre Details sehen Sie sich bitte die einzelnen Seiten an, auf denen Bilder jedes Zimmers vorgestellt werden.<\/p>\n<p>Wir laden Sie ein, unsere Galerie zu besuchen und sich von der magischen Atmosph\u00e4re verzaubern zu lassen, die Sie im Garni Hotel Berc Bled erwartet!<\/p>\n<p>[\/et_pb_text][\/et_pb_column][\/et_pb_row][et_pb_row _builder_version=&#8220;4.27.4&#8243; _module_preset=&#8220;default&#8220; global_colors_info=&#8220;{}&#8220;][et_pb_column type=&#8220;4_4&#8243; _builder_version=&#8220;4.27.4&#8243; _module_preset=&#8220;default&#8220; global_colors_info=&#8220;{}&#8220;][dsm_masonry_gallery gallery_ids=&#8220;394578,394581,394583,394584,394585,394587,394590,394589,394588,394591,394592,394593,394594,394595,394596,394597,394598,394599,394600,394601,394602,394603,394604,394605,394606,394607,394608&#8243; dsm_sort_images=&#8220;off&#8220; use_lightbox=&#8220;on&#8220; use_zoom_on_hover=&#8220;on&#8220; columns_tablet=&#8220;2&#8243; columns_phone=&#8220;1&#8243; columns_last_edited=&#8220;on|desktop&#8220; _builder_version=&#8220;4.27.4&#8243; _module_preset=&#8220;default&#8220; min_height=&#8220;1000px&#8220; custom_margin=&#8220;||||false|false&#8220; custom_padding=&#8220;||||false|false&#8220; border_radii_grid=&#8220;on|3px|3px|3px|3px&#8220; global_colors_info=&#8220;{}&#8220;][\/dsm_masonry_gallery][\/et_pb_column][\/et_pb_row][\/et_pb_section][et_pb_section fb_built=&#8220;1&#8243; _builder_version=&#8220;4.27.4&#8243; _module_preset=&#8220;default&#8220; background_color=&#8220;#395A69&#8243; custom_padding=&#8220;||0px|||&#8220; border_color_all=&#8220;#C1A45D&#8220; border_width_top=&#8220;5px&#8220; border_color_top=&#8220;#AC8B62&#8243; global_module=&#8220;395704&#8243; saved_tabs=&#8220;all&#8220; locked=&#8220;off&#8220; global_colors_info=&#8220;{}&#8220;][et_pb_row column_structure=&#8220;1_3,1_3,1_3&#8243; _builder_version=&#8220;4.23.1&#8243; _module_preset=&#8220;default&#8220; global_colors_info=&#8220;{}&#8220;][et_pb_column type=&#8220;1_3&#8243; _builder_version=&#8220;4.22.0&#8243; _module_preset=&#8220;default&#8220; global_colors_info=&#8220;{}&#8220;][et_pb_text admin_label=&#8220;Adresse&#8220; _builder_version=&#8220;4.27.4&#8243; _module_preset=&#8220;default&#8220; header_2_text_color=&#8220;#FFFFFF&#8220; locked=&#8220;off&#8220; global_colors_info=&#8220;{}&#8220;]<\/p>\n<h2>Adresse<\/h2>\n<p>[\/et_pb_text][et_pb_text _builder_version=&#8220;4.27.4&#8243; _module_preset=&#8220;default&#8220; text_text_color=&#8220;#FFFFFF&#8220; text_font_size=&#8220;13px&#8220; link_text_color=&#8220;#AC8B62&#8243; link_font_size=&#8220;13px&#8220; header_2_text_color=&#8220;#FFFFFF&#8220; locked=&#8220;off&#8220; global_colors_info=&#8220;{}&#8220;]<\/p>\n<p><strong>GARNI HOTEL BERC<\/strong><br \/>Pod Stra\u017eo 13<br \/>SI-4260 Bled<br \/>Slowenien &#8211; EU<\/p>\n<p><span>+386 4 576 56 58<\/span><br \/><a href=\"mailto:hotel@berc-sp.si\u00a0\" target=\"_blank\" rel=\"noopener\">hotel@berc-sp.si\u00a0<\/a><\/p>\n<p>[\/et_pb_text][\/et_pb_column][et_pb_column type=&#8220;1_3&#8243; _builder_version=&#8220;4.22.0&#8243; _module_preset=&#8220;default&#8220; global_colors_info=&#8220;{}&#8220;][et_pb_text admin_label=&#8220;Erkunden&#8220; _builder_version=&#8220;4.27.4&#8243; _module_preset=&#8220;default&#8220; header_2_text_color=&#8220;#FFFFFF&#8220; global_colors_info=&#8220;{}&#8220;]<\/p>\n<h2>Erkunden<\/h2>\n<p>[\/et_pb_text][dsm_menu title_bottom_gap=&#8220;14px&#8220; submenu_collapse=&#8220;on&#8220; menu_link_text_color=&#8220;#FFFFFF&#8220; active_link_color=&#8220;#AC8B62&#8243; menu_link_text_active_color=&#8220;#FFFFFF&#8220; menu_link_text_visited_color=&#8220;#FFFFFF&#8220; list_style_type=&#8220;none&#8220; list_style_position=&#8220;outside&#8220; submenu_arrow_color=&#8220;#FFFFFF&#8220; submenu_arrow_background_color=&#8220;#AC8B62&#8243; submenu_arrow_font_size=&#8220;20px&#8220; _builder_version=&#8220;4.27.4&#8243; _module_preset=&#8220;default&#8220; header_level=&#8220;h5&#8243; header_font=&#8220;||||||||&#8220; header_text_color=&#8220;#FFFFFF&#8220; header_font_size=&#8220;15px&#8220; header_line_height=&#8220;1.2em&#8220; menu_font=&#8220;||||||||&#8220; menu_font_size=&#8220;13px&#8220; sub_menu_text_color=&#8220;#FFFFFF&#8220; border_radii_submenu_collapse=&#8220;on|50px|50px|50px|50px&#8220; global_colors_info=&#8220;{}&#8220;][\/dsm_menu][\/et_pb_column][et_pb_column type=&#8220;1_3&#8243; _builder_version=&#8220;4.22.0&#8243; _module_preset=&#8220;default&#8220; global_colors_info=&#8220;{}&#8220;][et_pb_image src=&#8220;https:\/\/www.hotel-berc.com\/wp-content\/uploads\/2025\/03\/Garni-hotel-Berc-bled-w-logo.png&#8220; title_text=&#8220;Garni hotel Berc bled w logo&#8220; url=&#8220;@ET-DC@eyJkeW5hbWljIjp0cnVlLCJjb250ZW50IjoiaG9tZV91cmwiLCJzZXR0aW5ncyI6e319@&#8220; align_tablet=&#8220;&#8220; align_phone=&#8220;center&#8220; align_last_edited=&#8220;on|phone&#8220; _builder_version=&#8220;4.27.4&#8243; _dynamic_attributes=&#8220;url&#8220; _module_preset=&#8220;default&#8220; width=&#8220;70%&#8220; global_colors_info=&#8220;{}&#8220;][\/et_pb_image][et_pb_text _builder_version=&#8220;4.27.4&#8243; _module_preset=&#8220;default&#8220; text_text_color=&#8220;#FFFFFF&#8220; text_font_size=&#8220;13px&#8220; link_text_color=&#8220;#FFFFFF&#8220; link_font_size=&#8220;13px&#8220; header_2_text_color=&#8220;#FFFFFF&#8220; locked=&#8220;off&#8220; global_colors_info=&#8220;{}&#8220;]LUKA BERC S.P.<br \/>\nFirmennummer: 6959342000<br \/>\nMwSt.-Pflichtiger: Ja (SI21034052)[\/et_pb_text][\/et_pb_column][\/et_pb_row][et_pb_row column_structure=&#8220;1_2,1_2&#8243; custom_padding_last_edited=&#8220;on|desktop&#8220; admin_label=&#8220;Footer &#8211; Row&#8220; _builder_version=&#8220;4.27.4&#8243; width=&#8220;90%&#8220; max_width=&#8220;1170px&#8220; custom_padding=&#8220;31px||31px||false|false&#8220; custom_padding_tablet=&#8220;&#8220; custom_padding_phone=&#8220;&#8220; border_color_all=&#8220;#0F0F0F&#8220; border_width_top=&#8220;1px&#8220; border_color_top=&#8220;rgba(172,139,98,0.44)&#8220; locked=&#8220;off&#8220; global_colors_info=&#8220;{}&#8220;][et_pb_column type=&#8220;1_2&#8243; _builder_version=&#8220;4.16&#8243; global_colors_info=&#8220;{}&#8220;][et_pb_text admin_label=&#8220;Avtorske pravice \u00a9&#8220; _builder_version=&#8220;4.27.4&#8243; text_font=&#8220;||||||||&#8220; text_text_color=&#8220;#FFFFFF&#8220; text_font_size=&#8220;12px&#8220; link_text_color=&#8220;#FFFFFF&#8220; text_orientation_tablet=&#8220;center&#8220; text_orientation_phone=&#8220;&#8220; text_orientation_last_edited=&#8220;on|tablet&#8220; custom_css_main_element=&#8220;font-weight: 400;&#8220; global_colors_info=&#8220;{}&#8220; link_text_color__hover_enabled=&#8220;on|hover&#8220; link_text_color__hover=&#8220;#AC8B62&#8243;]<\/p>\n<p>Copyright \u00a9 Garni Hotel Berc | <a href=\"https:\/\/www.hotel-berc.com\/de\/rechtlicher-hinweis\/\">Rechtlicher Hinweis<\/a><\/p>\n<p>[\/et_pb_text][\/et_pb_column][et_pb_column type=&#8220;1_2&#8243; _builder_version=&#8220;4.16&#8243; global_colors_info=&#8220;{}&#8220;][et_pb_text admin_label=&#8220;Produkcija&#8220; _builder_version=&#8220;4.27.4&#8243; text_font=&#8220;||||||||&#8220; text_text_color=&#8220;#FFFFFF&#8220; text_font_size=&#8220;12px&#8220; link_text_color=&#8220;#FFFFFF&#8220; text_orientation=&#8220;right&#8220; text_orientation_tablet=&#8220;center&#8220; text_orientation_phone=&#8220;&#8220; text_orientation_last_edited=&#8220;on|tablet&#8220; custom_css_main_element=&#8220;font-weight: 400;&#8220; global_colors_info=&#8220;{}&#8220;]<\/p>\n<p>Produktion: <a href=\"http:\/\/www.futuro.si\/\" target=\"_blank\" rel=\"noopener\"><img loading=\"lazy\" decoding=\"async\" src=\"https:\/\/www.hotel-berc.com\/wp-content\/uploads\/2025\/03\/Futruto-izdelava-spletnih-strani-logo-2024-14.png\" width=\"88\" height=\"14\" alt=\"\" class=\"wp-image-376042 alignnone size-full\" \/><\/a><\/p>\n<p>[\/et_pb_text][\/et_pb_column][\/et_pb_row][\/et_pb_section]<\/p>\n","protected":false},"excerpt":{"rendered":"<p>GalerieWillkommen in der Galerie unseres Hotels, wo Sie einen visuellen Einblick in unsere gem\u00fctliche und rustikale Unterkunft erhalten k\u00f6nnen, die alpenl\u00e4ndischen Charme mit dem Komfort modernen Wohnens vereint. Unsere Innen- und Au\u00dfenr\u00e4ume zeichnen sich durch Holzm\u00f6bel und rustikale Ausstattung im alpinen Stil aus, was dem Hotel eine warme, heimelige und einladende Atmosph\u00e4re verleiht. Das Hotel Garni Berc zeichnet sich durch au\u00dfergew\u00f6hnliche Architektur aus, die perfekt mit der Umgebung harmoniert. Die Fassade des Hotels ist mit nat\u00fcrlichen Materialien verkleidet, die sich wunderbar in die alpine Umgebung des Bleder Sees einf\u00fcgen. Die Umgebung des Hotels ist von Gr\u00fcnfl\u00e4chen umgeben, die eine entspannende Atmosph\u00e4re bieten, ideal f\u00fcr Spazierg\u00e4nge und Naturgenuss. Unsere Fassade und die Balkonbereiche bieten einen herrlichen Blick auf die Natur und die Berge. Innenbereich des HotelsIm Inneren des Hotels dominieren Holzelemente und rustikale Details, die sich hervorragend mit dem alpinen Stil verbinden. Die ger\u00e4umigen Flure und gem\u00fctlichen Zimmer sind mit hochwertigem Holz ausgestattet, das W\u00e4rme und Komfort schafft und Sie gleichzeitig in eine alpine Welt voller Frieden und nat\u00fcrlicher Sch\u00f6nheit entf\u00fchrt. Wo immer Sie sich aufhalten, werden Sie die Gem\u00fctlichkeit und Einfachheit erleben, die unser alpiner Stil mit sich bringt. F\u00fcr einen detaillierteren Einblick in unser Zimmerangebot und ihre Details sehen [&hellip;]<\/p>\n","protected":false},"author":1,"featured_media":395152,"parent":0,"menu_order":5,"comment_status":"closed","ping_status":"closed","template":"","meta":{"_et_pb_use_builder":"on","_et_pb_old_content":"","_et_gb_content_width":"","footnotes":""},"class_list":["post-395266","page","type-page","status-publish","has-post-thumbnail","hentry"],"aioseo_notices":[],"_links":{"self":[{"href":"https:\/\/www.hotel-berc.com\/de\/wp-json\/wp\/v2\/pages\/395266","targetHints":{"allow":["GET"]}}],"collection":[{"href":"https:\/\/www.hotel-berc.com\/de\/wp-json\/wp\/v2\/pages"}],"about":[{"href":"https:\/\/www.hotel-berc.com\/de\/wp-json\/wp\/v2\/types\/page"}],"author":[{"embeddable":true,"href":"https:\/\/www.hotel-berc.com\/de\/wp-json\/wp\/v2\/users\/1"}],"replies":[{"embeddable":true,"href":"https:\/\/www.hotel-berc.com\/de\/wp-json\/wp\/v2\/comments?post=395266"}],"version-history":[{"count":6,"href":"https:\/\/www.hotel-berc.com\/de\/wp-json\/wp\/v2\/pages\/395266\/revisions"}],"predecessor-version":[{"id":395844,"href":"https:\/\/www.hotel-berc.com\/de\/wp-json\/wp\/v2\/pages\/395266\/revisions\/395844"}],"wp:featuredmedia":[{"embeddable":true,"href":"https:\/\/www.hotel-berc.com\/de\/wp-json\/wp\/v2\/media\/395152"}],"wp:attachment":[{"href":"https:\/\/www.hotel-berc.com\/de\/wp-json\/wp\/v2\/media?parent=395266"}],"curies":[{"name":"wp","href":"https:\/\/api.w.org\/{rel}","templated":true}]}}